{"id":30,"date":"2015-10-19T10:17:42","date_gmt":"2015-10-19T10:17:42","guid":{"rendered":"http:\/\/blogscvc.cervantes.es\/martes-neologico\/?page_id=30"},"modified":"2026-01-20T08:54:25","modified_gmt":"2026-01-20T06:54:25","slug":"fuentes","status":"publish","type":"page","link":"https:\/\/blogscvc.cervantes.es\/martes-neologico\/fuentes\/","title":{"rendered":"Fuentes"},"content":{"rendered":"<p><strong><em>Alvar<\/em><\/strong>. Alvar Ezquerra, M. (1994). <em>Nuevo diccionario de voces de uso actual<\/em>. 1.\u00aa <abbr title=\"edici\u00f3n\">ed.<\/abbr> Madrid: Arco\/Libros.<\/p>\n<p><strong><em>Alvar2<\/em><\/strong>. Alvar Ezquerra, M. (2004). <em>Nuevo diccionario de voces de uso actual<\/em>. 2.\u00aa <abbr>ed.<\/abbr> Madrid: Arco\/Libros.<\/p>\n<p><strong><em>Clave<\/em><\/strong>. <em>Diccionario Clave. Diccionario de uso del espa\u00f1ol actual<\/em>. Madrid: SM, 2012.<\/p>\n<p><strong><em>DEA<\/em><\/strong>. Seco, M.; Andr\u00e9s, O.; Ramos, G. (2011). <em>Diccionario del espa\u00f1ol actual<\/em>. 2.\u00aa <abbr>ed.<\/abbr> Madrid: Aguilar.<\/p>\n<p><strong><em>DEM<\/em><\/strong>. <em>Diccionario del Espa\u00f1ol de M\u00e9xico<\/em>. 2.\u00aa <abbr>ed.<\/abbr> M\u00e9xico: El Colegio de M\u00e9xico, 2024.<\/p>\n<p><strong><em>DRAE<\/em>23<\/strong> \/ <strong><em>DLE<\/em><\/strong>. Real Academia Espa\u00f1ola (2014). <em>Diccionario de la lengua espa\u00f1ola<\/em>. 23.\u00aa <abbr>ed.<\/abbr> Madrid: Espasa.<\/p>\n<p><strong><em>NEOMM<\/em><\/strong>. <em>Mar\u00eda Moliner. Neologismos del espa\u00f1ol actual<\/em>. Madrid: Gredos, 2013.<\/p>\n<p><strong><em>VOXUSO<\/em><\/strong>. Battaner, P. ( <abbr title=\"director\">dir.<\/abbr>) (2002). <em>Diccionario de uso del espa\u00f1ol de Am\u00e9rica y Espa\u00f1a<\/em>. Barcelona: Spes.<\/p>\n","protected":false},"excerpt":{"rendered":"<p>Alvar. Alvar Ezquerra, M. (1994). Nuevo diccionario de voces de uso actual. 1.\u00aa ed. Madrid: Arco\/Libros. Alvar2. Alvar Ezquerra, M. (2004). Nuevo diccionario de voces de uso actual. 2.\u00aa ed. Madrid: Arco\/Libros. Clave. Diccionario Clave. Diccionario de uso del espa\u00f1ol<\/p>\n","protected":false},"author":1,"featured_media":0,"parent":0,"menu_order":0,"comment_status":"closed","ping_status":"closed","template":"","meta":{"_mi_skip_tracking":false,"_s2mail":"yes"},"yoast_head":"<!-- This site is optimized with the Yoast SEO plugin v20.6 - https:\/\/yoast.com\/wordpress\/plugins\/seo\/ -->\n<title>CVC. Fuentes bibliogr\u00e1ficas. Martes Neol\u00f3gico.<\/title>\n<meta name=\"description\" content=\"P\u00e1gina con las fuentes empleadas en la confecci\u00f3n de las entradas del blog Martes Neol\u00f3gico, del Centro Virtual Cervantes.\" \/>\n<meta name=\"robots\" content=\"index, follow, max-snippet:-1, max-image-preview:large, max-video-preview:-1\" \/>\n<link rel=\"canonical\" href=\"https:\/\/blogscvc.cervantes.es\/martes-neologico\/fuentes\/\" \/>\n<meta property=\"og:locale\" content=\"es_ES\" \/>\n<meta property=\"og:type\" content=\"article\" \/>\n<meta property=\"og:title\" content=\"CVC. Fuentes bibliogr\u00e1ficas. Martes Neol\u00f3gico.\" \/>\n<meta property=\"og:description\" content=\"P\u00e1gina con las fuentes empleadas en la confecci\u00f3n de las entradas del blog Martes Neol\u00f3gico, del Centro Virtual Cervantes.\" \/>\n<meta property=\"og:url\" content=\"https:\/\/blogscvc.cervantes.es\/martes-neologico\/fuentes\/\" \/>\n<meta property=\"og:site_name\" content=\"Martes Neol\u00f3gico\" \/>\n<meta property=\"article:modified_time\" content=\"2026-01-20T06:54:25+00:00\" \/>\n<meta name=\"twitter:card\" content=\"summary_large_image\" \/>\n<meta name=\"twitter:label1\" content=\"Tiempo de lectura\" \/>\n\t<meta name=\"twitter:data1\" content=\"1 minuto\" \/>\n<script type=\"application\/ld+json\" class=\"yoast-schema-graph\">{\"@context\":\"https:\/\/schema.org\",\"@graph\":[{\"@type\":\"WebPage\",\"@id\":\"https:\/\/blogscvc.cervantes.es\/martes-neologico\/fuentes\/\",\"url\":\"https:\/\/blogscvc.cervantes.es\/martes-neologico\/fuentes\/\",\"name\":\"CVC. Fuentes bibliogr\u00e1ficas. Martes Neol\u00f3gico.\",\"isPartOf\":{\"@id\":\"https:\/\/blogscvc.cervantes.es\/martes-neologico\/#website\"},\"datePublished\":\"2015-10-19T10:17:42+00:00\",\"dateModified\":\"2026-01-20T06:54:25+00:00\",\"description\":\"P\u00e1gina con las fuentes empleadas en la confecci\u00f3n de las entradas del blog Martes Neol\u00f3gico, del Centro Virtual Cervantes.\",\"breadcrumb\":{\"@id\":\"https:\/\/blogscvc.cervantes.es\/martes-neologico\/fuentes\/#breadcrumb\"},\"inLanguage\":\"es\",\"potentialAction\":[{\"@type\":\"ReadAction\",\"target\":[\"https:\/\/blogscvc.cervantes.es\/martes-neologico\/fuentes\/\"]}]},{\"@type\":\"BreadcrumbList\",\"@id\":\"https:\/\/blogscvc.cervantes.es\/martes-neologico\/fuentes\/#breadcrumb\",\"itemListElement\":[{\"@type\":\"ListItem\",\"position\":1,\"name\":\"Portada\",\"item\":\"https:\/\/blogscvc.cervantes.es\/martes-neologico\/\"},{\"@type\":\"ListItem\",\"position\":2,\"name\":\"Fuentes\"}]},{\"@type\":\"WebSite\",\"@id\":\"https:\/\/blogscvc.cervantes.es\/martes-neologico\/#website\",\"url\":\"https:\/\/blogscvc.cervantes.es\/martes-neologico\/\",\"name\":\"Martes Neol\u00f3gico\",\"description\":\"Cada martes, una palabra nueva que podr\u00eda estar en el diccionario\",\"publisher\":{\"@id\":\"https:\/\/blogscvc.cervantes.es\/martes-neologico\/#organization\"},\"potentialAction\":[{\"@type\":\"SearchAction\",\"target\":{\"@type\":\"EntryPoint\",\"urlTemplate\":\"https:\/\/blogscvc.cervantes.es\/martes-neologico\/?s={search_term_string}\"},\"query-input\":\"required name=search_term_string\"}],\"inLanguage\":\"es\"},{\"@type\":\"Organization\",\"@id\":\"https:\/\/blogscvc.cervantes.es\/martes-neologico\/#organization\",\"name\":\"Martes Neol\u00f3gico\",\"url\":\"https:\/\/blogscvc.cervantes.es\/martes-neologico\/\",\"logo\":{\"@type\":\"ImageObject\",\"inLanguage\":\"es\",\"@id\":\"https:\/\/blogscvc.cervantes.es\/martes-neologico\/#\/schema\/logo\/image\/\",\"url\":\"https:\/\/blogscvc.cervantes.es\/martes-neologico\/wp-content\/uploads\/sites\/2\/2025\/10\/logo-martes-neologico-10-anos.png\",\"contentUrl\":\"https:\/\/blogscvc.cervantes.es\/martes-neologico\/wp-content\/uploads\/sites\/2\/2025\/10\/logo-martes-neologico-10-anos.png\",\"width\":300,\"height\":100,\"caption\":\"Martes Neol\u00f3gico\"},\"image\":{\"@id\":\"https:\/\/blogscvc.cervantes.es\/martes-neologico\/#\/schema\/logo\/image\/\"}}]}<\/script>\n<!-- \/ Yoast SEO plugin. -->","yoast_head_json":{"title":"CVC. Fuentes bibliogr\u00e1ficas. Martes Neol\u00f3gico.","description":"P\u00e1gina con las fuentes empleadas en la confecci\u00f3n de las entradas del blog Martes Neol\u00f3gico, del Centro Virtual Cervantes.","robots":{"index":"index","follow":"follow","max-snippet":"max-snippet:-1","max-image-preview":"max-image-preview:large","max-video-preview":"max-video-preview:-1"},"canonical":"https:\/\/blogscvc.cervantes.es\/martes-neologico\/fuentes\/","og_locale":"es_ES","og_type":"article","og_title":"CVC. Fuentes bibliogr\u00e1ficas. Martes Neol\u00f3gico.","og_description":"P\u00e1gina con las fuentes empleadas en la confecci\u00f3n de las entradas del blog Martes Neol\u00f3gico, del Centro Virtual Cervantes.","og_url":"https:\/\/blogscvc.cervantes.es\/martes-neologico\/fuentes\/","og_site_name":"Martes Neol\u00f3gico","article_modified_time":"2026-01-20T06:54:25+00:00","twitter_card":"summary_large_image","twitter_misc":{"Tiempo de lectura":"1 minuto"},"schema":{"@context":"https:\/\/schema.org","@graph":[{"@type":"WebPage","@id":"https:\/\/blogscvc.cervantes.es\/martes-neologico\/fuentes\/","url":"https:\/\/blogscvc.cervantes.es\/martes-neologico\/fuentes\/","name":"CVC. Fuentes bibliogr\u00e1ficas. Martes Neol\u00f3gico.","isPartOf":{"@id":"https:\/\/blogscvc.cervantes.es\/martes-neologico\/#website"},"datePublished":"2015-10-19T10:17:42+00:00","dateModified":"2026-01-20T06:54:25+00:00","description":"P\u00e1gina con las fuentes empleadas en la confecci\u00f3n de las entradas del blog Martes Neol\u00f3gico, del Centro Virtual Cervantes.","breadcrumb":{"@id":"https:\/\/blogscvc.cervantes.es\/martes-neologico\/fuentes\/#breadcrumb"},"inLanguage":"es","potentialAction":[{"@type":"ReadAction","target":["https:\/\/blogscvc.cervantes.es\/martes-neologico\/fuentes\/"]}]},{"@type":"BreadcrumbList","@id":"https:\/\/blogscvc.cervantes.es\/martes-neologico\/fuentes\/#breadcrumb","itemListElement":[{"@type":"ListItem","position":1,"name":"Portada","item":"https:\/\/blogscvc.cervantes.es\/martes-neologico\/"},{"@type":"ListItem","position":2,"name":"Fuentes"}]},{"@type":"WebSite","@id":"https:\/\/blogscvc.cervantes.es\/martes-neologico\/#website","url":"https:\/\/blogscvc.cervantes.es\/martes-neologico\/","name":"Martes Neol\u00f3gico","description":"Cada martes, una palabra nueva que podr\u00eda estar en el diccionario","publisher":{"@id":"https:\/\/blogscvc.cervantes.es\/martes-neologico\/#organization"},"potentialAction":[{"@type":"SearchAction","target":{"@type":"EntryPoint","urlTemplate":"https:\/\/blogscvc.cervantes.es\/martes-neologico\/?s={search_term_string}"},"query-input":"required name=search_term_string"}],"inLanguage":"es"},{"@type":"Organization","@id":"https:\/\/blogscvc.cervantes.es\/martes-neologico\/#organization","name":"Martes Neol\u00f3gico","url":"https:\/\/blogscvc.cervantes.es\/martes-neologico\/","logo":{"@type":"ImageObject","inLanguage":"es","@id":"https:\/\/blogscvc.cervantes.es\/martes-neologico\/#\/schema\/logo\/image\/","url":"https:\/\/blogscvc.cervantes.es\/martes-neologico\/wp-content\/uploads\/sites\/2\/2025\/10\/logo-martes-neologico-10-anos.png","contentUrl":"https:\/\/blogscvc.cervantes.es\/martes-neologico\/wp-content\/uploads\/sites\/2\/2025\/10\/logo-martes-neologico-10-anos.png","width":300,"height":100,"caption":"Martes Neol\u00f3gico"},"image":{"@id":"https:\/\/blogscvc.cervantes.es\/martes-neologico\/#\/schema\/logo\/image\/"}}]}},"_links":{"self":[{"href":"https:\/\/blogscvc.cervantes.es\/martes-neologico\/wp-json\/wp\/v2\/pages\/30"}],"collection":[{"href":"https:\/\/blogscvc.cervantes.es\/martes-neologico\/wp-json\/wp\/v2\/pages"}],"about":[{"href":"https:\/\/blogscvc.cervantes.es\/martes-neologico\/wp-json\/wp\/v2\/types\/page"}],"author":[{"embeddable":true,"href":"https:\/\/blogscvc.cervantes.es\/martes-neologico\/wp-json\/wp\/v2\/users\/1"}],"replies":[{"embeddable":true,"href":"https:\/\/blogscvc.cervantes.es\/martes-neologico\/wp-json\/wp\/v2\/comments?post=30"}],"version-history":[{"count":9,"href":"https:\/\/blogscvc.cervantes.es\/martes-neologico\/wp-json\/wp\/v2\/pages\/30\/revisions"}],"predecessor-version":[{"id":14497,"href":"https:\/\/blogscvc.cervantes.es\/martes-neologico\/wp-json\/wp\/v2\/pages\/30\/revisions\/14497"}],"wp:attachment":[{"href":"https:\/\/blogscvc.cervantes.es\/martes-neologico\/wp-json\/wp\/v2\/media?parent=30"}],"curies":[{"name":"wp","href":"https:\/\/api.w.org\/{rel}","templated":true}]}}